{"id":9736,"date":"2025-10-08T10:49:29","date_gmt":"2025-10-08T08:49:29","guid":{"rendered":"https:\/\/slickpix.de\/?post_type=product&#038;p=9736"},"modified":"2026-04-15T19:13:06","modified_gmt":"2026-04-15T17:13:06","slug":"slickpix-magazin-18","status":"publish","type":"product","link":"https:\/\/slickpix.de\/en\/product\/slickpix-magazin-18\/","title":{"rendered":"SLICKPIX MAGAZINE Issue #18 (DE)"},"content":{"rendered":"<p><strong><h5><i>Please note: This magazine is written in German.<\/i><\/h5>Publication date:<\/strong> 30.10.2025<\/p>\n<hr \/>\n<p><strong>The new issue is here\u2014and it has everything that makes motorsports great:<\/strong><br \/>\nGoosebump-inducing moments from the track, pure passion in pictures, candid stories from the pit lane.<br \/>\nSLICKPIX #18 brings together the best of <strong>Slickpix &amp; Curbs<\/strong> \u2013 featuring spectacular footage, intimate portraits, and the thrill of real racing.<br \/>\nIf you want to do more than just watch motorsports\u2014you want to feel it\u2014this magazine is a must-have for your collection.<\/p>\n<p>Limited first edition.<br \/>\nOnce it\u2019s gone, it\u2019s gone.<\/p>\n<hr \/>\n<h3>Contents<\/h3>\n<ul>\n<li>DTM<\/li>\n<li>Silverstone Festival<\/li>\n<li>Goodwood Revival<\/li>\n<li>Interview Nick Salewsky<\/li>\n<li>Spa Six Hours<\/li>\n<li>R\u00d8M\u00d8 Motor Festival<\/li>\n<li>ADAC Racing Weekend Salzburgring<\/li>\n<li>u.v.m<\/li>\n<\/ul>","protected":false},"excerpt":{"rendered":"<h3>The magazine for everyone who lives and breathes racing, not just watches it<\/h3>\n<p>DTM, Silverstone, Goodwood Revival, Spa Six Hours, R\u00f8m\u00f8 Motor Festival u.v.m.<\/p>","protected":false},"featured_media":9737,"template":"","meta":[],"product_brand":[],"product_cat":[26],"product_tag":[],"class_list":{"0":"post-9736","1":"product","2":"type-product","3":"status-publish","4":"has-post-thumbnail","6":"product_cat-magazines","7":"sales-flash-overlay","8":"woocommerce-text-align-left","9":"woocommerce-image-align-center","10":"do-quantity-buttons","11":"wc-has-gallery","13":"first","14":"instock","15":"taxable","16":"shipping-taxable","17":"purchasable","18":"product-type-simple"},"yoast_head":"<!-- This site is optimized with the Yoast SEO plugin v27.4 - https:\/\/yoast.com\/product\/yoast-seo-wordpress\/ -->\n<title>SLICKPIX MAGAZIN Ausgabe #18 - SLICKPIX Magazin<\/title>\n<meta name=\"robots\" content=\"index, follow, max-snippet:-1, max-image-preview:large, max-video-preview:-1\" \/>\n<link rel=\"canonical\" href=\"https:\/\/slickpix.de\/en\/product\/slickpix-magazin-18\/\" \/>\n<meta property=\"og:locale\" content=\"en_US\" \/>\n<meta property=\"og:type\" content=\"article\" \/>\n<meta property=\"og:title\" content=\"SLICKPIX MAGAZIN Ausgabe #18 - SLICKPIX Magazin\" \/>\n<meta property=\"og:description\" content=\"Das Magazin f\u00fcr alle, die Racing leben statt nur schauen DTM, Silverstone, Goodwood Revival, Spa Six Hours, R\u00f8m\u00f8 Motor Festival u.v.m.\" \/>\n<meta property=\"og:url\" content=\"https:\/\/slickpix.de\/en\/product\/slickpix-magazin-18\/\" \/>\n<meta property=\"og:site_name\" content=\"SLICKPIX Magazin\" \/>\n<meta property=\"article:publisher\" content=\"https:\/\/facebook.com\/slickpix\" \/>\n<meta property=\"article:modified_time\" content=\"2026-04-15T17:13:06+00:00\" \/>\n<meta property=\"og:image\" content=\"https:\/\/slickpix.de\/wp-content\/uploads\/2025\/10\/Slickpix-Magazin-18-Cover.jpg\" \/>\n\t<meta property=\"og:image:width\" content=\"1800\" \/>\n\t<meta property=\"og:image:height\" content=\"1200\" \/>\n\t<meta property=\"og:image:type\" content=\"image\/jpeg\" \/>\n<meta name=\"twitter:card\" content=\"summary_large_image\" \/>\n<meta name=\"twitter:label1\" content=\"Est. reading time\" \/>\n\t<meta name=\"twitter:data1\" content=\"1 minute\" \/>\n<script type=\"application\/ld+json\" class=\"yoast-schema-graph\">{\"@context\":\"https:\\\/\\\/schema.org\",\"@graph\":[{\"@type\":\"WebPage\",\"@id\":\"https:\\\/\\\/slickpix.de\\\/product\\\/slickpix-magazin-18\\\/\",\"url\":\"https:\\\/\\\/slickpix.de\\\/product\\\/slickpix-magazin-18\\\/\",\"name\":\"SLICKPIX MAGAZIN Ausgabe #18 - SLICKPIX Magazin\",\"isPartOf\":{\"@id\":\"https:\\\/\\\/slickpix.de\\\/#website\"},\"primaryImageOfPage\":{\"@id\":\"https:\\\/\\\/slickpix.de\\\/product\\\/slickpix-magazin-18\\\/#primaryimage\"},\"image\":{\"@id\":\"https:\\\/\\\/slickpix.de\\\/product\\\/slickpix-magazin-18\\\/#primaryimage\"},\"thumbnailUrl\":\"https:\\\/\\\/slickpix.de\\\/wp-content\\\/uploads\\\/2025\\\/10\\\/Slickpix-Magazin-18-Cover.jpg\",\"datePublished\":\"2025-10-08T08:49:29+00:00\",\"dateModified\":\"2026-04-15T17:13:06+00:00\",\"breadcrumb\":{\"@id\":\"https:\\\/\\\/slickpix.de\\\/product\\\/slickpix-magazin-18\\\/#breadcrumb\"},\"inLanguage\":\"en-US\",\"potentialAction\":[{\"@type\":\"ReadAction\",\"target\":[\"https:\\\/\\\/slickpix.de\\\/product\\\/slickpix-magazin-18\\\/\"]}]},{\"@type\":\"ImageObject\",\"inLanguage\":\"en-US\",\"@id\":\"https:\\\/\\\/slickpix.de\\\/product\\\/slickpix-magazin-18\\\/#primaryimage\",\"url\":\"https:\\\/\\\/slickpix.de\\\/wp-content\\\/uploads\\\/2025\\\/10\\\/Slickpix-Magazin-18-Cover.jpg\",\"contentUrl\":\"https:\\\/\\\/slickpix.de\\\/wp-content\\\/uploads\\\/2025\\\/10\\\/Slickpix-Magazin-18-Cover.jpg\",\"width\":1800,\"height\":1200},{\"@type\":\"BreadcrumbList\",\"@id\":\"https:\\\/\\\/slickpix.de\\\/product\\\/slickpix-magazin-18\\\/#breadcrumb\",\"itemListElement\":[{\"@type\":\"ListItem\",\"position\":1,\"name\":\"Home\",\"item\":\"https:\\\/\\\/slickpix.de\\\/\"},{\"@type\":\"ListItem\",\"position\":2,\"name\":\"Shop\",\"item\":\"https:\\\/\\\/slickpix.de\\\/shop\\\/\"},{\"@type\":\"ListItem\",\"position\":3,\"name\":\"SLICKPIX MAGAZIN Ausgabe #18\"}]},{\"@type\":\"WebSite\",\"@id\":\"https:\\\/\\\/slickpix.de\\\/#website\",\"url\":\"https:\\\/\\\/slickpix.de\\\/\",\"name\":\"SLICKPIX Magazin\",\"description\":\"Motorsport Pictures &amp; Stories\",\"publisher\":{\"@id\":\"https:\\\/\\\/slickpix.de\\\/#organization\"},\"potentialAction\":[{\"@type\":\"SearchAction\",\"target\":{\"@type\":\"EntryPoint\",\"urlTemplate\":\"https:\\\/\\\/slickpix.de\\\/?s={search_term_string}\"},\"query-input\":{\"@type\":\"PropertyValueSpecification\",\"valueRequired\":true,\"valueName\":\"search_term_string\"}}],\"inLanguage\":\"en-US\"},{\"@type\":\"Organization\",\"@id\":\"https:\\\/\\\/slickpix.de\\\/#organization\",\"name\":\"Slickpix\",\"url\":\"https:\\\/\\\/slickpix.de\\\/\",\"logo\":{\"@type\":\"ImageObject\",\"inLanguage\":\"en-US\",\"@id\":\"https:\\\/\\\/slickpix.de\\\/#\\\/schema\\\/logo\\\/image\\\/\",\"url\":\"https:\\\/\\\/slickpix.de\\\/wp-content\\\/uploads\\\/2025\\\/12\\\/slickpix-logo.png\",\"contentUrl\":\"https:\\\/\\\/slickpix.de\\\/wp-content\\\/uploads\\\/2025\\\/12\\\/slickpix-logo.png\",\"width\":800,\"height\":180,\"caption\":\"Slickpix\"},\"image\":{\"@id\":\"https:\\\/\\\/slickpix.de\\\/#\\\/schema\\\/logo\\\/image\\\/\"},\"sameAs\":[\"https:\\\/\\\/facebook.com\\\/slickpix\",\"https:\\\/\\\/instagram.com\\\/slickpix.de\\\/\"]}]}<\/script>\n<!-- \/ Yoast SEO plugin. -->","yoast_head_json":{"title":"SLICKPIX MAGAZINE Issue #18 (DE) - SLICKPIX Magazine","robots":{"index":"index","follow":"follow","max-snippet":"max-snippet:-1","max-image-preview":"max-image-preview:large","max-video-preview":"max-video-preview:-1"},"canonical":"https:\/\/slickpix.de\/en\/product\/slickpix-magazin-18\/","og_locale":"en_US","og_type":"article","og_title":"SLICKPIX MAGAZIN Ausgabe #18 - SLICKPIX Magazin","og_description":"Das Magazin f\u00fcr alle, die Racing leben statt nur schauen DTM, Silverstone, Goodwood Revival, Spa Six Hours, R\u00f8m\u00f8 Motor Festival u.v.m.","og_url":"https:\/\/slickpix.de\/en\/product\/slickpix-magazin-18\/","og_site_name":"SLICKPIX Magazin","article_publisher":"https:\/\/facebook.com\/slickpix","article_modified_time":"2026-04-15T17:13:06+00:00","og_image":[{"width":1800,"height":1200,"url":"https:\/\/slickpix.de\/wp-content\/uploads\/2025\/10\/Slickpix-Magazin-18-Cover.jpg","type":"image\/jpeg"}],"twitter_card":"summary_large_image","twitter_misc":{"Est. reading time":"1 minute"},"schema":{"@context":"https:\/\/schema.org","@graph":[{"@type":"WebPage","@id":"https:\/\/slickpix.de\/product\/slickpix-magazin-18\/","url":"https:\/\/slickpix.de\/product\/slickpix-magazin-18\/","name":"SLICKPIX MAGAZINE Issue #18 (DE) - SLICKPIX Magazine","isPartOf":{"@id":"https:\/\/slickpix.de\/#website"},"primaryImageOfPage":{"@id":"https:\/\/slickpix.de\/product\/slickpix-magazin-18\/#primaryimage"},"image":{"@id":"https:\/\/slickpix.de\/product\/slickpix-magazin-18\/#primaryimage"},"thumbnailUrl":"https:\/\/slickpix.de\/wp-content\/uploads\/2025\/10\/Slickpix-Magazin-18-Cover.jpg","datePublished":"2025-10-08T08:49:29+00:00","dateModified":"2026-04-15T17:13:06+00:00","breadcrumb":{"@id":"https:\/\/slickpix.de\/product\/slickpix-magazin-18\/#breadcrumb"},"inLanguage":"en-US","potentialAction":[{"@type":"ReadAction","target":["https:\/\/slickpix.de\/product\/slickpix-magazin-18\/"]}]},{"@type":"ImageObject","inLanguage":"en-US","@id":"https:\/\/slickpix.de\/product\/slickpix-magazin-18\/#primaryimage","url":"https:\/\/slickpix.de\/wp-content\/uploads\/2025\/10\/Slickpix-Magazin-18-Cover.jpg","contentUrl":"https:\/\/slickpix.de\/wp-content\/uploads\/2025\/10\/Slickpix-Magazin-18-Cover.jpg","width":1800,"height":1200},{"@type":"BreadcrumbList","@id":"https:\/\/slickpix.de\/product\/slickpix-magazin-18\/#breadcrumb","itemListElement":[{"@type":"ListItem","position":1,"name":"Home","item":"https:\/\/slickpix.de\/"},{"@type":"ListItem","position":2,"name":"Shop","item":"https:\/\/slickpix.de\/shop\/"},{"@type":"ListItem","position":3,"name":"SLICKPIX MAGAZIN Ausgabe #18"}]},{"@type":"WebSite","@id":"https:\/\/slickpix.de\/#website","url":"https:\/\/slickpix.de\/","name":"SLICKPIX Magazine","description":"Motorsport Pictures &amp; Stories","publisher":{"@id":"https:\/\/slickpix.de\/#organization"},"potentialAction":[{"@type":"SearchAction","target":{"@type":"EntryPoint","urlTemplate":"https:\/\/slickpix.de\/?s={search_term_string}"},"query-input":{"@type":"PropertyValueSpecification","valueRequired":true,"valueName":"search_term_string"}}],"inLanguage":"en-US"},{"@type":"Organization","@id":"https:\/\/slickpix.de\/#organization","name":"Slickpix","url":"https:\/\/slickpix.de\/","logo":{"@type":"ImageObject","inLanguage":"en-US","@id":"https:\/\/slickpix.de\/#\/schema\/logo\/image\/","url":"https:\/\/slickpix.de\/wp-content\/uploads\/2025\/12\/slickpix-logo.png","contentUrl":"https:\/\/slickpix.de\/wp-content\/uploads\/2025\/12\/slickpix-logo.png","width":800,"height":180,"caption":"Slickpix"},"image":{"@id":"https:\/\/slickpix.de\/#\/schema\/logo\/image\/"},"sameAs":["https:\/\/facebook.com\/slickpix","https:\/\/instagram.com\/slickpix.de\/"]}]}},"_links":{"self":[{"href":"https:\/\/slickpix.de\/en\/wp-json\/wp\/v2\/product\/9736","targetHints":{"allow":["GET"]}}],"collection":[{"href":"https:\/\/slickpix.de\/en\/wp-json\/wp\/v2\/product"}],"about":[{"href":"https:\/\/slickpix.de\/en\/wp-json\/wp\/v2\/types\/product"}],"wp:featuredmedia":[{"embeddable":true,"href":"https:\/\/slickpix.de\/en\/wp-json\/wp\/v2\/media\/9737"}],"wp:attachment":[{"href":"https:\/\/slickpix.de\/en\/wp-json\/wp\/v2\/media?parent=9736"}],"wp:term":[{"taxonomy":"product_brand","embeddable":true,"href":"https:\/\/slickpix.de\/en\/wp-json\/wp\/v2\/product_brand?post=9736"},{"taxonomy":"product_cat","embeddable":true,"href":"https:\/\/slickpix.de\/en\/wp-json\/wp\/v2\/product_cat?post=9736"},{"taxonomy":"product_tag","embeddable":true,"href":"https:\/\/slickpix.de\/en\/wp-json\/wp\/v2\/product_tag?post=9736"}],"curies":[{"name":"wp","href":"https:\/\/api.w.org\/{rel}","templated":true}]}}