{"id":3864,"date":"2021-02-04T18:49:27","date_gmt":"2021-02-04T18:49:27","guid":{"rendered":"https:\/\/gpsites.co\/shop\/?post_type=product&#038;p=3864"},"modified":"2026-05-12T18:17:39","modified_gmt":"2026-05-12T16:17:39","slug":"slickpix-magazine-1","status":"publish","type":"product","link":"https:\/\/slickpix.de\/en\/product\/slickpix-magazin-1\/","title":{"rendered":"SLICKPIX MAGAZINE Issue #1 (DE)"},"content":{"rendered":"<p><strong><h5><i>Please note: This magazine is written in German.<\/i><\/h5>Publication date:<\/strong> 23.07.2021<\/p>\n<hr \/>\n<h3><\/h3>\n<h3>Contents<\/h3>\n<ul>\n<li>Battle of the Dwarves<\/li>\n<li>FHR Test and Tuning Runs<\/li>\n<li>ADAC Westfalenfahrt - Round 1 NLS<\/li>\n<li>Masters Historic Race Weekend<\/li>\n<li>Prize of the City of Stuttgart<\/li>\n<li>45. Nimex DMV 4h-Race \u2013 Race 2 NLS<\/li>\n<li>GT-Masters Test Days<\/li>\n<li>12th Grand Prix of Monaco Historic\"}<\/li>\n<li>62. Eibach ADAC ACAS Cup \u2013 Race 3 NLS<\/li>\n<li>Prize of the City of Magdeburg<\/li>\n<li>ADAC 24h Qualifying Race<\/li>\n<li>FHR Spring Classic<\/li>\n<li>GT-Masters<\/li>\n<li>Hankook 12 Hours of Hockenheim Supercar Challenge + Belcar Endurance<\/li>\n<li>Weekend Warriors<\/li>\n<li>Masters Historic Festival<\/li>\n<li>International ADAC TOTAL 24h Race<br \/>\n24h Classic and Impressions<\/li>\n<li>Grand Prix of the Golden Age<\/li>\n<li>Historic French Grand Prix<\/li>\n<li>23rd Hunsr\u00fcck Junior Rally<\/li>\n<li>XLR8 Experience<\/li>\n<li>GT Open Spa-Francorchamps<\/li>\n<li>DTM Monza<\/li>\n<li>Historical Review of the Jim Clark Races<\/li>\n<\/ul>","protected":false},"excerpt":{"rendered":"<p>As photographers who have been immersed in motorsports for over two decades, spending countless weekends on the road, we travel thousands of kilometers across Europe. We photograph what we live for and what we love\u2014car racing! It\u2019s not just about being there\u2014it\u2019s about being right in the thick of it! That\u2019s the feeling we aim to evoke through \u201cSLICKPIX Motorsport Photography.\u201d Short captions paired with evocative photos will take you on a journey around the world.<\/p>","protected":false},"featured_media":5391,"template":"","meta":[],"product_brand":[],"product_cat":[26],"product_tag":[],"class_list":{"0":"post-3864","1":"product","2":"type-product","3":"status-publish","4":"has-post-thumbnail","6":"product_cat-magazines","7":"sales-flash-overlay","8":"woocommerce-text-align-left","9":"woocommerce-image-align-center","10":"do-quantity-buttons","11":"wc-has-gallery","13":"first","14":"instock","15":"taxable","16":"shipping-taxable","17":"purchasable","18":"product-type-simple"},"yoast_head":"<!-- This site is optimized with the Yoast SEO plugin v27.6 - https:\/\/yoast.com\/product\/yoast-seo-wordpress\/ -->\n<title>SLICKPIX MAGAZIN Ausgabe #1 - SLICKPIX Magazin<\/title>\n<meta name=\"robots\" content=\"index, follow, max-snippet:-1, max-image-preview:large, max-video-preview:-1\" \/>\n<link rel=\"canonical\" href=\"https:\/\/slickpix.de\/en\/product\/slickpix-magazine-1\/\" \/>\n<meta property=\"og:locale\" content=\"en_US\" \/>\n<meta property=\"og:type\" content=\"article\" \/>\n<meta property=\"og:title\" content=\"SLICKPIX MAGAZIN Ausgabe #1 - SLICKPIX Magazin\" \/>\n<meta property=\"og:description\" content=\"Als Fotografen, die den Motorsport seit \u00fcber zwei Jahrzehnten an unz\u00e4hligen Wochenenden leben, pilgern wir tausende von Kilometern durch Europa. Wir fotografieren das, wof\u00fcr wir leben und was wir lieben \u2013 Autorennen! Nicht nur dabei sein, sondern mittendrin! Dieses Gef\u00fchl, soll durch \u201eSLICKPIX Motorsportfotografie\u201c aufkommen. Kurze Texte in Verbindung mit impressionistischen Fotos nehmen Euch mit um die Welt.\" \/>\n<meta property=\"og:url\" content=\"https:\/\/slickpix.de\/en\/product\/slickpix-magazine-1\/\" \/>\n<meta property=\"og:site_name\" content=\"SLICKPIX Magazin\" \/>\n<meta property=\"article:publisher\" content=\"https:\/\/facebook.com\/slickpix\" \/>\n<meta property=\"article:modified_time\" content=\"2026-05-12T16:17:39+00:00\" \/>\n<meta property=\"og:image\" content=\"https:\/\/slickpix.de\/wp-content\/uploads\/2021\/02\/Slickpix-Magazin-01-Cover-1.jpg\" \/>\n\t<meta property=\"og:image:width\" content=\"1800\" \/>\n\t<meta property=\"og:image:height\" content=\"1200\" \/>\n\t<meta property=\"og:image:type\" content=\"image\/jpeg\" \/>\n<meta name=\"twitter:card\" content=\"summary_large_image\" \/>\n<meta name=\"twitter:label1\" content=\"Est. reading time\" \/>\n\t<meta name=\"twitter:data1\" content=\"1 minute\" \/>\n<script type=\"application\/ld+json\" class=\"yoast-schema-graph\">{\"@context\":\"https:\\\/\\\/schema.org\",\"@graph\":[{\"@type\":\"WebPage\",\"@id\":\"https:\\\/\\\/slickpix.de\\\/product\\\/slickpix-magazin-1\\\/\",\"url\":\"https:\\\/\\\/slickpix.de\\\/product\\\/slickpix-magazin-1\\\/\",\"name\":\"SLICKPIX MAGAZIN Ausgabe #1 - SLICKPIX Magazin\",\"isPartOf\":{\"@id\":\"https:\\\/\\\/slickpix.de\\\/#website\"},\"primaryImageOfPage\":{\"@id\":\"https:\\\/\\\/slickpix.de\\\/product\\\/slickpix-magazin-1\\\/#primaryimage\"},\"image\":{\"@id\":\"https:\\\/\\\/slickpix.de\\\/product\\\/slickpix-magazin-1\\\/#primaryimage\"},\"thumbnailUrl\":\"https:\\\/\\\/slickpix.de\\\/wp-content\\\/uploads\\\/2021\\\/02\\\/Slickpix-Magazin-01-Cover-1.jpg\",\"datePublished\":\"2021-02-04T18:49:27+00:00\",\"dateModified\":\"2026-05-12T16:17:39+00:00\",\"breadcrumb\":{\"@id\":\"https:\\\/\\\/slickpix.de\\\/product\\\/slickpix-magazin-1\\\/#breadcrumb\"},\"inLanguage\":\"en-US\",\"potentialAction\":[{\"@type\":\"ReadAction\",\"target\":[\"https:\\\/\\\/slickpix.de\\\/product\\\/slickpix-magazin-1\\\/\"]}]},{\"@type\":\"ImageObject\",\"inLanguage\":\"en-US\",\"@id\":\"https:\\\/\\\/slickpix.de\\\/product\\\/slickpix-magazin-1\\\/#primaryimage\",\"url\":\"https:\\\/\\\/slickpix.de\\\/wp-content\\\/uploads\\\/2021\\\/02\\\/Slickpix-Magazin-01-Cover-1.jpg\",\"contentUrl\":\"https:\\\/\\\/slickpix.de\\\/wp-content\\\/uploads\\\/2021\\\/02\\\/Slickpix-Magazin-01-Cover-1.jpg\",\"width\":1800,\"height\":1200,\"caption\":\"Das Cover der Ausgabe #01 des Slickpix Magazins\"},{\"@type\":\"BreadcrumbList\",\"@id\":\"https:\\\/\\\/slickpix.de\\\/product\\\/slickpix-magazin-1\\\/#breadcrumb\",\"itemListElement\":[{\"@type\":\"ListItem\",\"position\":1,\"name\":\"Home\",\"item\":\"https:\\\/\\\/slickpix.de\\\/\"},{\"@type\":\"ListItem\",\"position\":2,\"name\":\"Shop\",\"item\":\"https:\\\/\\\/slickpix.de\\\/shop\\\/\"},{\"@type\":\"ListItem\",\"position\":3,\"name\":\"SLICKPIX MAGAZIN Ausgabe #1\"}]},{\"@type\":\"WebSite\",\"@id\":\"https:\\\/\\\/slickpix.de\\\/#website\",\"url\":\"https:\\\/\\\/slickpix.de\\\/\",\"name\":\"SLICKPIX Magazin\",\"description\":\"Motorsport Pictures &amp; Stories\",\"publisher\":{\"@id\":\"https:\\\/\\\/slickpix.de\\\/#organization\"},\"potentialAction\":[{\"@type\":\"SearchAction\",\"target\":{\"@type\":\"EntryPoint\",\"urlTemplate\":\"https:\\\/\\\/slickpix.de\\\/?s={search_term_string}\"},\"query-input\":{\"@type\":\"PropertyValueSpecification\",\"valueRequired\":true,\"valueName\":\"search_term_string\"}}],\"inLanguage\":\"en-US\"},{\"@type\":\"Organization\",\"@id\":\"https:\\\/\\\/slickpix.de\\\/#organization\",\"name\":\"Slickpix\",\"url\":\"https:\\\/\\\/slickpix.de\\\/\",\"logo\":{\"@type\":\"ImageObject\",\"inLanguage\":\"en-US\",\"@id\":\"https:\\\/\\\/slickpix.de\\\/#\\\/schema\\\/logo\\\/image\\\/\",\"url\":\"https:\\\/\\\/slickpix.de\\\/wp-content\\\/uploads\\\/2025\\\/12\\\/slickpix-logo.png\",\"contentUrl\":\"https:\\\/\\\/slickpix.de\\\/wp-content\\\/uploads\\\/2025\\\/12\\\/slickpix-logo.png\",\"width\":800,\"height\":180,\"caption\":\"Slickpix\"},\"image\":{\"@id\":\"https:\\\/\\\/slickpix.de\\\/#\\\/schema\\\/logo\\\/image\\\/\"},\"sameAs\":[\"https:\\\/\\\/facebook.com\\\/slickpix\",\"https:\\\/\\\/instagram.com\\\/slickpix.de\\\/\"]}]}<\/script>\n<!-- \/ Yoast SEO plugin. -->","yoast_head_json":{"title":"SLICKPIX MAGAZINE Issue #1 (DE) - SLICKPIX Magazine","robots":{"index":"index","follow":"follow","max-snippet":"max-snippet:-1","max-image-preview":"max-image-preview:large","max-video-preview":"max-video-preview:-1"},"canonical":"https:\/\/slickpix.de\/en\/product\/slickpix-magazine-1\/","og_locale":"en_US","og_type":"article","og_title":"SLICKPIX MAGAZIN Ausgabe #1 - SLICKPIX Magazin","og_description":"Als Fotografen, die den Motorsport seit \u00fcber zwei Jahrzehnten an unz\u00e4hligen Wochenenden leben, pilgern wir tausende von Kilometern durch Europa. Wir fotografieren das, wof\u00fcr wir leben und was wir lieben \u2013 Autorennen! Nicht nur dabei sein, sondern mittendrin! Dieses Gef\u00fchl, soll durch \u201eSLICKPIX Motorsportfotografie\u201c aufkommen. Kurze Texte in Verbindung mit impressionistischen Fotos nehmen Euch mit um die Welt.","og_url":"https:\/\/slickpix.de\/en\/product\/slickpix-magazine-1\/","og_site_name":"SLICKPIX Magazin","article_publisher":"https:\/\/facebook.com\/slickpix","article_modified_time":"2026-05-12T16:17:39+00:00","og_image":[{"width":1800,"height":1200,"url":"https:\/\/slickpix.de\/wp-content\/uploads\/2021\/02\/Slickpix-Magazin-01-Cover-1.jpg","type":"image\/jpeg"}],"twitter_card":"summary_large_image","twitter_misc":{"Est. reading time":"1 minute"},"schema":{"@context":"https:\/\/schema.org","@graph":[{"@type":"WebPage","@id":"https:\/\/slickpix.de\/product\/slickpix-magazin-1\/","url":"https:\/\/slickpix.de\/product\/slickpix-magazin-1\/","name":"SLICKPIX MAGAZINE Issue #1 (DE) - SLICKPIX Magazine","isPartOf":{"@id":"https:\/\/slickpix.de\/#website"},"primaryImageOfPage":{"@id":"https:\/\/slickpix.de\/product\/slickpix-magazin-1\/#primaryimage"},"image":{"@id":"https:\/\/slickpix.de\/product\/slickpix-magazin-1\/#primaryimage"},"thumbnailUrl":"https:\/\/slickpix.de\/wp-content\/uploads\/2021\/02\/Slickpix-Magazin-01-Cover-1.jpg","datePublished":"2021-02-04T18:49:27+00:00","dateModified":"2026-05-12T16:17:39+00:00","breadcrumb":{"@id":"https:\/\/slickpix.de\/product\/slickpix-magazin-1\/#breadcrumb"},"inLanguage":"en-US","potentialAction":[{"@type":"ReadAction","target":["https:\/\/slickpix.de\/product\/slickpix-magazin-1\/"]}]},{"@type":"ImageObject","inLanguage":"en-US","@id":"https:\/\/slickpix.de\/product\/slickpix-magazin-1\/#primaryimage","url":"https:\/\/slickpix.de\/wp-content\/uploads\/2021\/02\/Slickpix-Magazin-01-Cover-1.jpg","contentUrl":"https:\/\/slickpix.de\/wp-content\/uploads\/2021\/02\/Slickpix-Magazin-01-Cover-1.jpg","width":1800,"height":1200,"caption":"Das Cover der Ausgabe #01 des Slickpix Magazins"},{"@type":"BreadcrumbList","@id":"https:\/\/slickpix.de\/product\/slickpix-magazin-1\/#breadcrumb","itemListElement":[{"@type":"ListItem","position":1,"name":"Home","item":"https:\/\/slickpix.de\/"},{"@type":"ListItem","position":2,"name":"Shop","item":"https:\/\/slickpix.de\/shop\/"},{"@type":"ListItem","position":3,"name":"SLICKPIX MAGAZIN Ausgabe #1"}]},{"@type":"WebSite","@id":"https:\/\/slickpix.de\/#website","url":"https:\/\/slickpix.de\/","name":"SLICKPIX Magazine","description":"Motorsport Pictures &amp; Stories","publisher":{"@id":"https:\/\/slickpix.de\/#organization"},"potentialAction":[{"@type":"SearchAction","target":{"@type":"EntryPoint","urlTemplate":"https:\/\/slickpix.de\/?s={search_term_string}"},"query-input":{"@type":"PropertyValueSpecification","valueRequired":true,"valueName":"search_term_string"}}],"inLanguage":"en-US"},{"@type":"Organization","@id":"https:\/\/slickpix.de\/#organization","name":"Slickpix","url":"https:\/\/slickpix.de\/","logo":{"@type":"ImageObject","inLanguage":"en-US","@id":"https:\/\/slickpix.de\/#\/schema\/logo\/image\/","url":"https:\/\/slickpix.de\/wp-content\/uploads\/2025\/12\/slickpix-logo.png","contentUrl":"https:\/\/slickpix.de\/wp-content\/uploads\/2025\/12\/slickpix-logo.png","width":800,"height":180,"caption":"Slickpix"},"image":{"@id":"https:\/\/slickpix.de\/#\/schema\/logo\/image\/"},"sameAs":["https:\/\/facebook.com\/slickpix","https:\/\/instagram.com\/slickpix.de\/"]}]}},"_links":{"self":[{"href":"https:\/\/slickpix.de\/en\/wp-json\/wp\/v2\/product\/3864","targetHints":{"allow":["GET"]}}],"collection":[{"href":"https:\/\/slickpix.de\/en\/wp-json\/wp\/v2\/product"}],"about":[{"href":"https:\/\/slickpix.de\/en\/wp-json\/wp\/v2\/types\/product"}],"wp:featuredmedia":[{"embeddable":true,"href":"https:\/\/slickpix.de\/en\/wp-json\/wp\/v2\/media\/5391"}],"wp:attachment":[{"href":"https:\/\/slickpix.de\/en\/wp-json\/wp\/v2\/media?parent=3864"}],"wp:term":[{"taxonomy":"product_brand","embeddable":true,"href":"https:\/\/slickpix.de\/en\/wp-json\/wp\/v2\/product_brand?post=3864"},{"taxonomy":"product_cat","embeddable":true,"href":"https:\/\/slickpix.de\/en\/wp-json\/wp\/v2\/product_cat?post=3864"},{"taxonomy":"product_tag","embeddable":true,"href":"https:\/\/slickpix.de\/en\/wp-json\/wp\/v2\/product_tag?post=3864"}],"curies":[{"name":"wp","href":"https:\/\/api.w.org\/{rel}","templated":true}]}}