{"id":9800,"date":"2025-10-14T13:11:46","date_gmt":"2025-10-14T11:11:46","guid":{"rendered":"https:\/\/slickpix.de\/?page_id=9800"},"modified":"2026-03-20T15:42:41","modified_gmt":"2026-03-20T14:42:41","slug":"calendar","status":"publish","type":"page","link":"https:\/\/slickpix.de\/en\/calendar\/","title":{"rendered":"Calendar"},"content":{"rendered":"<div class=\"gb-container gb-container-2c7cf174\">\n\n<p class=\"translation-block\"><strong>An Overview of All International Racing Dates<\/strong><br>This page provides a carefully compiled overview of all motorsport events worldwide.<br>All data is continuously updated to ensure a reliable and up-to-date schedule.<\/p>\n\n<\/div>","protected":false},"excerpt":{"rendered":"<p>Alle internationalen Renntermine im \u00dcberblickDiese Seite bietet eine sorgf\u00e4ltig zusammengestellte \u00dcbersicht \u00fcber s\u00e4mtliche Motorsport-Veranstaltungen weltweit.Alle Daten werden laufend aktualisiert, um eine verl\u00e4ssliche &#8230; <a title=\"Calendar\" class=\"read-more\" href=\"https:\/\/slickpix.de\/en\/calendar\/\" aria-label=\"Read more about Kalender\">Read more<\/a><\/p>","protected":false},"author":2,"featured_media":10274,"parent":0,"menu_order":0,"comment_status":"closed","ping_status":"closed","template":"","meta":{"footnotes":""},"class_list":["post-9800","page","type-page","status-publish","has-post-thumbnail"],"yoast_head":"<!-- This site is optimized with the Yoast SEO plugin v27.4 - https:\/\/yoast.com\/product\/yoast-seo-wordpress\/ -->\n<title>Kalender - SLICKPIX Magazin<\/title>\n<meta name=\"robots\" content=\"index, follow, max-snippet:-1, max-image-preview:large, max-video-preview:-1\" \/>\n<link rel=\"canonical\" href=\"https:\/\/slickpix.de\/en\/calendar\/\" \/>\n<meta property=\"og:locale\" content=\"en_US\" \/>\n<meta property=\"og:type\" content=\"article\" \/>\n<meta property=\"og:title\" content=\"Kalender - SLICKPIX Magazin\" \/>\n<meta property=\"og:description\" content=\"Alle internationalen Renntermine im \u00dcberblickDiese Seite bietet eine sorgf\u00e4ltig zusammengestellte \u00dcbersicht \u00fcber s\u00e4mtliche Motorsport-Veranstaltungen weltweit.Alle Daten werden laufend aktualisiert, um eine verl\u00e4ssliche ... Read more\" \/>\n<meta property=\"og:url\" content=\"https:\/\/slickpix.de\/en\/calendar\/\" \/>\n<meta property=\"og:site_name\" content=\"SLICKPIX Magazin\" \/>\n<meta property=\"article:publisher\" content=\"https:\/\/facebook.com\/slickpix\" \/>\n<meta property=\"article:modified_time\" content=\"2026-03-20T14:42:41+00:00\" \/>\n<meta property=\"og:image\" content=\"https:\/\/slickpix.de\/wp-content\/uploads\/2025\/12\/dates_hero-bg.webp\" \/>\n\t<meta property=\"og:image:width\" content=\"1920\" \/>\n\t<meta property=\"og:image:height\" content=\"1080\" \/>\n\t<meta property=\"og:image:type\" content=\"image\/webp\" \/>\n<meta name=\"twitter:card\" content=\"summary_large_image\" \/>\n<meta name=\"twitter:label1\" content=\"Est. reading time\" \/>\n\t<meta name=\"twitter:data1\" content=\"1 minute\" \/>\n<script type=\"application\/ld+json\" class=\"yoast-schema-graph\">{\"@context\":\"https:\\\/\\\/schema.org\",\"@graph\":[{\"@type\":\"WebPage\",\"@id\":\"https:\\\/\\\/slickpix.de\\\/calendar\\\/\",\"url\":\"https:\\\/\\\/slickpix.de\\\/calendar\\\/\",\"name\":\"Kalender - SLICKPIX Magazin\",\"isPartOf\":{\"@id\":\"https:\\\/\\\/slickpix.de\\\/#website\"},\"primaryImageOfPage\":{\"@id\":\"https:\\\/\\\/slickpix.de\\\/calendar\\\/#primaryimage\"},\"image\":{\"@id\":\"https:\\\/\\\/slickpix.de\\\/calendar\\\/#primaryimage\"},\"thumbnailUrl\":\"https:\\\/\\\/slickpix.de\\\/wp-content\\\/uploads\\\/2025\\\/12\\\/dates_hero-bg.webp\",\"datePublished\":\"2025-10-14T11:11:46+00:00\",\"dateModified\":\"2026-03-20T14:42:41+00:00\",\"breadcrumb\":{\"@id\":\"https:\\\/\\\/slickpix.de\\\/calendar\\\/#breadcrumb\"},\"inLanguage\":\"en-US\",\"potentialAction\":[{\"@type\":\"ReadAction\",\"target\":[\"https:\\\/\\\/slickpix.de\\\/calendar\\\/\"]}]},{\"@type\":\"ImageObject\",\"inLanguage\":\"en-US\",\"@id\":\"https:\\\/\\\/slickpix.de\\\/calendar\\\/#primaryimage\",\"url\":\"https:\\\/\\\/slickpix.de\\\/wp-content\\\/uploads\\\/2025\\\/12\\\/dates_hero-bg.webp\",\"contentUrl\":\"https:\\\/\\\/slickpix.de\\\/wp-content\\\/uploads\\\/2025\\\/12\\\/dates_hero-bg.webp\",\"width\":1920,\"height\":1080},{\"@type\":\"BreadcrumbList\",\"@id\":\"https:\\\/\\\/slickpix.de\\\/calendar\\\/#breadcrumb\",\"itemListElement\":[{\"@type\":\"ListItem\",\"position\":1,\"name\":\"Home\",\"item\":\"https:\\\/\\\/slickpix.de\\\/\"},{\"@type\":\"ListItem\",\"position\":2,\"name\":\"Kalender\"}]},{\"@type\":\"WebSite\",\"@id\":\"https:\\\/\\\/slickpix.de\\\/#website\",\"url\":\"https:\\\/\\\/slickpix.de\\\/\",\"name\":\"SLICKPIX Magazin\",\"description\":\"Motorsport Pictures &amp; Stories\",\"publisher\":{\"@id\":\"https:\\\/\\\/slickpix.de\\\/#organization\"},\"potentialAction\":[{\"@type\":\"SearchAction\",\"target\":{\"@type\":\"EntryPoint\",\"urlTemplate\":\"https:\\\/\\\/slickpix.de\\\/?s={search_term_string}\"},\"query-input\":{\"@type\":\"PropertyValueSpecification\",\"valueRequired\":true,\"valueName\":\"search_term_string\"}}],\"inLanguage\":\"en-US\"},{\"@type\":\"Organization\",\"@id\":\"https:\\\/\\\/slickpix.de\\\/#organization\",\"name\":\"Slickpix\",\"url\":\"https:\\\/\\\/slickpix.de\\\/\",\"logo\":{\"@type\":\"ImageObject\",\"inLanguage\":\"en-US\",\"@id\":\"https:\\\/\\\/slickpix.de\\\/#\\\/schema\\\/logo\\\/image\\\/\",\"url\":\"https:\\\/\\\/slickpix.de\\\/wp-content\\\/uploads\\\/2025\\\/12\\\/slickpix-logo.png\",\"contentUrl\":\"https:\\\/\\\/slickpix.de\\\/wp-content\\\/uploads\\\/2025\\\/12\\\/slickpix-logo.png\",\"width\":800,\"height\":180,\"caption\":\"Slickpix\"},\"image\":{\"@id\":\"https:\\\/\\\/slickpix.de\\\/#\\\/schema\\\/logo\\\/image\\\/\"},\"sameAs\":[\"https:\\\/\\\/facebook.com\\\/slickpix\",\"https:\\\/\\\/instagram.com\\\/slickpix.de\\\/\"]}]}<\/script>\n<!-- \/ Yoast SEO plugin. -->","yoast_head_json":{"title":"Kalender - SLICKPIX Magazin","robots":{"index":"index","follow":"follow","max-snippet":"max-snippet:-1","max-image-preview":"max-image-preview:large","max-video-preview":"max-video-preview:-1"},"canonical":"https:\/\/slickpix.de\/en\/calendar\/","og_locale":"en_US","og_type":"article","og_title":"Kalender - SLICKPIX Magazin","og_description":"Alle internationalen Renntermine im \u00dcberblickDiese Seite bietet eine sorgf\u00e4ltig zusammengestellte \u00dcbersicht \u00fcber s\u00e4mtliche Motorsport-Veranstaltungen weltweit.Alle Daten werden laufend aktualisiert, um eine verl\u00e4ssliche ... Read more","og_url":"https:\/\/slickpix.de\/en\/calendar\/","og_site_name":"SLICKPIX Magazin","article_publisher":"https:\/\/facebook.com\/slickpix","article_modified_time":"2026-03-20T14:42:41+00:00","og_image":[{"width":1920,"height":1080,"url":"https:\/\/slickpix.de\/wp-content\/uploads\/2025\/12\/dates_hero-bg.webp","type":"image\/webp"}],"twitter_card":"summary_large_image","twitter_misc":{"Est. reading time":"1 minute"},"schema":{"@context":"https:\/\/schema.org","@graph":[{"@type":"WebPage","@id":"https:\/\/slickpix.de\/calendar\/","url":"https:\/\/slickpix.de\/calendar\/","name":"Kalender - SLICKPIX Magazin","isPartOf":{"@id":"https:\/\/slickpix.de\/#website"},"primaryImageOfPage":{"@id":"https:\/\/slickpix.de\/calendar\/#primaryimage"},"image":{"@id":"https:\/\/slickpix.de\/calendar\/#primaryimage"},"thumbnailUrl":"https:\/\/slickpix.de\/wp-content\/uploads\/2025\/12\/dates_hero-bg.webp","datePublished":"2025-10-14T11:11:46+00:00","dateModified":"2026-03-20T14:42:41+00:00","breadcrumb":{"@id":"https:\/\/slickpix.de\/calendar\/#breadcrumb"},"inLanguage":"en-US","potentialAction":[{"@type":"ReadAction","target":["https:\/\/slickpix.de\/calendar\/"]}]},{"@type":"ImageObject","inLanguage":"en-US","@id":"https:\/\/slickpix.de\/calendar\/#primaryimage","url":"https:\/\/slickpix.de\/wp-content\/uploads\/2025\/12\/dates_hero-bg.webp","contentUrl":"https:\/\/slickpix.de\/wp-content\/uploads\/2025\/12\/dates_hero-bg.webp","width":1920,"height":1080},{"@type":"BreadcrumbList","@id":"https:\/\/slickpix.de\/calendar\/#breadcrumb","itemListElement":[{"@type":"ListItem","position":1,"name":"Home","item":"https:\/\/slickpix.de\/"},{"@type":"ListItem","position":2,"name":"Kalender"}]},{"@type":"WebSite","@id":"https:\/\/slickpix.de\/#website","url":"https:\/\/slickpix.de\/","name":"SLICKPIX Magazine","description":"Motorsport Pictures &amp; Stories","publisher":{"@id":"https:\/\/slickpix.de\/#organization"},"potentialAction":[{"@type":"SearchAction","target":{"@type":"EntryPoint","urlTemplate":"https:\/\/slickpix.de\/?s={search_term_string}"},"query-input":{"@type":"PropertyValueSpecification","valueRequired":true,"valueName":"search_term_string"}}],"inLanguage":"en-US"},{"@type":"Organization","@id":"https:\/\/slickpix.de\/#organization","name":"Slickpix","url":"https:\/\/slickpix.de\/","logo":{"@type":"ImageObject","inLanguage":"en-US","@id":"https:\/\/slickpix.de\/#\/schema\/logo\/image\/","url":"https:\/\/slickpix.de\/wp-content\/uploads\/2025\/12\/slickpix-logo.png","contentUrl":"https:\/\/slickpix.de\/wp-content\/uploads\/2025\/12\/slickpix-logo.png","width":800,"height":180,"caption":"Slickpix"},"image":{"@id":"https:\/\/slickpix.de\/#\/schema\/logo\/image\/"},"sameAs":["https:\/\/facebook.com\/slickpix","https:\/\/instagram.com\/slickpix.de\/"]}]}},"_links":{"self":[{"href":"https:\/\/slickpix.de\/en\/wp-json\/wp\/v2\/pages\/9800","targetHints":{"allow":["GET"]}}],"collection":[{"href":"https:\/\/slickpix.de\/en\/wp-json\/wp\/v2\/pages"}],"about":[{"href":"https:\/\/slickpix.de\/en\/wp-json\/wp\/v2\/types\/page"}],"author":[{"embeddable":true,"href":"https:\/\/slickpix.de\/en\/wp-json\/wp\/v2\/users\/2"}],"replies":[{"embeddable":true,"href":"https:\/\/slickpix.de\/en\/wp-json\/wp\/v2\/comments?post=9800"}],"version-history":[{"count":13,"href":"https:\/\/slickpix.de\/en\/wp-json\/wp\/v2\/pages\/9800\/revisions"}],"predecessor-version":[{"id":20688,"href":"https:\/\/slickpix.de\/en\/wp-json\/wp\/v2\/pages\/9800\/revisions\/20688"}],"wp:featuredmedia":[{"embeddable":true,"href":"https:\/\/slickpix.de\/en\/wp-json\/wp\/v2\/media\/10274"}],"wp:attachment":[{"href":"https:\/\/slickpix.de\/en\/wp-json\/wp\/v2\/media?parent=9800"}],"curies":[{"name":"wp","href":"https:\/\/api.w.org\/{rel}","templated":true}]}}